{"id":1420,"date":"2024-11-06T12:27:55","date_gmt":"2024-11-06T11:27:55","guid":{"rendered":"https:\/\/purowellness.be\/?page_id=1420"},"modified":"2025-08-07T15:44:21","modified_gmt":"2025-08-07T13:44:21","slug":"politique-de-confidentialite","status":"publish","type":"page","link":"https:\/\/purowellness.be\/fr\/privacy-policy\/","title":{"rendered":"Politique de confidentialit\u00e9"},"content":{"rendered":"<div data-elementor-type=\"wp-page\" data-elementor-id=\"1420\" class=\"elementor elementor-1420\" data-elementor-post-type=\"page\">\n\t\t\t\t<div class=\"elementor-element elementor-element-f040e5f e-flex e-con-boxed e-con e-parent\" data-id=\"f040e5f\" data-element_type=\"container\" data-e-type=\"container\">\n\t\t\t\t\t<div class=\"e-con-inner\">\n\t\t\t\t<div class=\"elementor-element elementor-element-cd6a1eb elementor-widget elementor-widget-heading\" data-id=\"cd6a1eb\" data-element_type=\"widget\" data-e-type=\"widget\" data-widget_type=\"heading.default\">\n\t\t\t\t<div class=\"elementor-widget-container\">\n\t\t\t\t\t<h1 class=\"elementor-heading-title elementor-size-default\">Politique de confidentialit\u00e9<\/h1>\t\t\t\t<\/div>\n\t\t\t\t<\/div>\n\t\t\t\t<div class=\"elementor-element elementor-element-8af89e5 elementor-widget elementor-widget-text-editor\" data-id=\"8af89e5\" data-element_type=\"widget\" data-e-type=\"widget\" data-widget_type=\"text-editor.default\">\n\t\t\t\t<div class=\"elementor-widget-container\">\n\t\t\t\t\t\t\t\t\t<p class=\"p1\">Puro s'engage \u00e0 prot\u00e9ger vos donn\u00e9es personnelles (et \u00e0 faire en sorte que votre vie priv\u00e9e soit respect\u00e9e). Dans cette d\u00e9claration de confidentialit\u00e9, nous souhaitons fournir des informations claires et transparentes sur (les donn\u00e9es que nous collectons) la mani\u00e8re dont nous traitons les donn\u00e9es personnelles. Nous mettons tout en \u0153uvre pour prot\u00e9ger votre vie priv\u00e9e et traitons donc les donn\u00e9es personnelles avec soin. Dans tous les cas, Puro se conforme aux lois et r\u00e8glements applicables, y compris le r\u00e8glement g\u00e9n\u00e9ral sur la protection des donn\u00e9es.<br \/>Cela implique au moins<\/p><ul class=\"ul1\"><li class=\"li1\">traiter vos donn\u00e9es \u00e0 caract\u00e8re personnel conform\u00e9ment \u00e0 la finalit\u00e9 pour laquelle elles ont \u00e9t\u00e9 fournies, ces finalit\u00e9s et types de donn\u00e9es \u00e0 caract\u00e8re personnel \u00e9tant d\u00e9crits dans la pr\u00e9sente d\u00e9claration de confidentialit\u00e9 ;<\/li><li class=\"li1\">le traitement de vos donn\u00e9es \u00e0 caract\u00e8re personnel est limit\u00e9 aux donn\u00e9es qui sont minimalement n\u00e9cessaires aux fins pour lesquelles elles sont trait\u00e9es ;<\/li><li class=\"li1\">demander votre consentement explicite si nous en avons besoin pour traiter vos donn\u00e9es \u00e0 caract\u00e8re personnel ;<\/li><li class=\"li1\">ne pas divulguer les donn\u00e9es \u00e0 caract\u00e8re personnel \u00e0 d'autres parties, \u00e0 moins que cela ne soit n\u00e9cessaire pour atteindre les objectifs pour lesquels elles ont \u00e9t\u00e9 fournies ;<\/li><li class=\"li1\">sont conscients de vos droits concernant vos donn\u00e9es personnelles, veulent vous les faire conna\u00eetre et les respecter.<\/li><\/ul><p class=\"p2\">Comme Puro<span class=\"Apple-converted-space\">\u00a0 <\/span>nous sommes responsables du traitement de vos donn\u00e9es personnelles. Si, apr\u00e8s avoir lu notre d\u00e9claration de confidentialit\u00e9, ou de mani\u00e8re plus g\u00e9n\u00e9rale, vous avez des questions \u00e0 ce sujet ou si vous souhaitez nous contacter, vous pouvez le faire en utilisant les coordonn\u00e9es ci-dessous : Info@purowellness.be<\/p><p class=\"p2\">\u00a0<b>Pourquoi traitons-nous des donn\u00e9es \u00e0 caract\u00e8re personnel ?<\/b><\/p><p class=\"p2\">Vos donn\u00e9es personnelles seront trait\u00e9es par Puro aux fins et pour les motifs l\u00e9gaux suivants :<\/p><ul class=\"ul1\"><li class=\"li2\">Traitement des commandes ;<\/li><li class=\"li2\">Pour vous fournir des biens et des services ;<\/li><li class=\"li2\">Organiser le service apr\u00e8s-vente ;<\/li><li class=\"li2\">Faciliter l'acc\u00e8s au site web (\u00e0 l'aide de cookies) ;<\/li><li class=\"li2\">Communication \u00e0 des fins de marketing direct (par exemple, une lettre d'information) ;<\/li><li class=\"li2\">vous appeler ou vous envoyer un courrier \u00e9lectronique si cela s'av\u00e8re n\u00e9cessaire pour la mise en \u0153uvre de nos services ;<\/li><li class=\"li2\">vous informer des modifications apport\u00e9es \u00e0 nos services et produits ;<\/li><li class=\"li2\">Analyser votre comportement sur le site web afin de l'am\u00e9liorer et d'adapter l'offre de produits et de services \u00e0 vos pr\u00e9f\u00e9rences.<\/li><li class=\"li2\">le traitement de donn\u00e9es \u00e0 caract\u00e8re personnel si nous sommes l\u00e9galement tenus de le faire, comme les donn\u00e9es n\u00e9cessaires \u00e0 notre d\u00e9claration d'imp\u00f4ts.<br \/><br \/><\/li><\/ul><p class=\"p2\"><b>Quelles sont les donn\u00e9es personnelles que nous traitons ?<\/b><\/p><p class=\"p2\">Aux fins susmentionn\u00e9es, nous pouvons vous demander, stocker, collecter et traiter les donn\u00e9es \u00e0 caract\u00e8re personnel suivantes :<b> <\/b><\/p><ul class=\"ul1\"><li class=\"li2\">Donn\u00e9es d'identit\u00e9 personnelle : nom, pr\u00e9nom, e-mail<\/li><li class=\"li2\">Informations sur les pages web visit\u00e9es par une adresse IP<\/li><li class=\"li2\">Donn\u00e9es laiss\u00e9es sur notre site web<\/li><\/ul><p class=\"p2\">Nous n'utilisons les donn\u00e9es collect\u00e9es qu'aux fins pour lesquelles nous les avons obtenues.<\/p><p class=\"p3\"><b>Mineurs<\/b><\/p><p class=\"p3\">Notre site web et\/ou service n'a pas l'intention de collecter des donn\u00e9es sur les visiteurs du site web \u00e2g\u00e9s de moins de 16 ans. \u00c0 moins qu'ils ne disposent d'une autorisation parentale ou d'un tuteur. Toutefois, nous ne pouvons pas v\u00e9rifier si un visiteur a plus de 16 ans. Nous conseillons donc aux parents de s'impliquer dans les activit\u00e9s en ligne de leurs enfants afin d'\u00e9viter de collecter des donn\u00e9es sur les enfants sans leur consentement. Si vous \u00eates convaincu que nous avons collect\u00e9 des donn\u00e9es \u00e0 caract\u00e8re personnel sur un mineur sans ce consentement, veuillez nous contacter \u00e0 Puro<span class=\"Apple-converted-space\">\u00a0 <\/span>nous supprimons alors ces informations.<\/p><p class=\"p3\"><b>Divulgation \u00e0 des tiers<\/b><\/p><p class=\"p3\">Nous pouvons fournir les donn\u00e9es que vous nous communiquez \u00e0 des tiers si cela est n\u00e9cessaire pour atteindre les objectifs d\u00e9crits ci-dessus.<b> <\/b>Par exemple, nous faisons appel \u00e0 un tiers pour :<\/p><ul class=\"ul1\"><li class=\"li2\">fournir vos donn\u00e9es personnelles aux services de livraison ;<\/li><li class=\"li2\">Fournir l'environnement internet (h\u00e9bergement web) ;<\/li><li class=\"li2\">Fournir l'infrastructure informatique (y compris le r\u00e9seau informatique, ...) ;<\/li><\/ul><p class=\"p2\">Nous ne transmettons jamais de donn\u00e9es personnelles \u00e0 d'autres parties avec lesquelles nous n'avons pas conclu d'accord de traitement. Avec ces parties (sous-traitants), nous concluons naturellement les accords n\u00e9cessaires pour garantir la s\u00e9curit\u00e9 de vos donn\u00e9es personnelles. En outre, nous ne transmettrons pas les donn\u00e9es que vous nous fournissez \u00e0 des tiers, sauf si la loi l'exige ou l'autorise. Nous pouvons \u00e9galement partager des donn\u00e9es personnelles avec des tiers si vous nous en donnez l'autorisation. Vous avez le droit de retirer ce consentement \u00e0 tout moment, sans pr\u00e9judice de la l\u00e9galit\u00e9 du traitement avant son retrait. Nous ne fournissons pas de donn\u00e9es \u00e0 caract\u00e8re personnel \u00e0 des parties situ\u00e9es en dehors de l'UE.<\/p><p class=\"p1\"><b>Cookies ou techniques similaires que nous utilisons<\/b><\/p><p class=\"p1\">Puro<span class=\"Apple-converted-space\">\u00a0 <\/span>utilise des cookies fonctionnels, analytiques et de suivi. Un cookie est un petit fichier texte qui est stock\u00e9 dans le navigateur de votre ordinateur, tablette ou smartphone lors de votre premi\u00e8re visite sur ce site web. Puro<span class=\"Apple-converted-space\">\u00a0 <\/span>utilise des cookies dont la fonctionnalit\u00e9 est purement technique. Ils garantissent le bon fonctionnement du site web et la m\u00e9morisation de vos pr\u00e9f\u00e9rences, par exemple. Ces cookies sont \u00e9galement utilis\u00e9s pour assurer le bon fonctionnement et l'optimisation du site web. En outre, nous pla\u00e7ons des cookies qui suivent votre comportement de navigation afin de pouvoir vous proposer un contenu et des publicit\u00e9s sur mesure. Lors de votre premi\u00e8re visite sur notre site web, nous vous avons d\u00e9j\u00e0 inform\u00e9 de l'existence de ces cookies et vous avons demand\u00e9 la permission de les placer.<\/p><p class=\"p2\">Vous pouvez refuser les cookies en param\u00e9trant votre navigateur Internet de mani\u00e8re \u00e0 ce qu'il ne les stocke plus. En outre, vous pouvez \u00e9galement supprimer toute information pr\u00e9c\u00e9demment stock\u00e9e via les param\u00e8tres de votre navigateur. Pour plus d'explications, voir : <a href=\"https:\/\/veiliginternetten.nl\/themes\/situatie\/cookies-wat-zijn-het-en-wat-doe-ik-ermee\/\" target=\"_blank\" rel=\"noopener\"><span class=\"s2\">https:\/\/veiliginternetten.nl\/themes\/situatie\/cookies-wat-zijn-het-en-wat-doe-ik-ermee\/<\/span><\/a><\/p><p class=\"p2\">Des cookies sont \u00e9galement install\u00e9s sur ce site web par des tiers. Il s'agit, par exemple, d'annonceurs et\/ou de soci\u00e9t\u00e9s de m\u00e9dias sociaux.<\/p><p class=\"p3\"><b>Google Analytics<\/b><\/p><p class=\"p3\">Nous utilisons Google Analytics pour suivre l'utilisation du site par ses utilisateurs. Les informations ainsi obtenues, y compris l'adresse de votre ordinateur (adresse IP), sont transmises et stock\u00e9es par Google sur des serveurs situ\u00e9s aux Etats-Unis. Google. Inc. fournit \u00e0 Schakenbosch les informations statistiques collect\u00e9es sur l'utilisation de ce site web. Lire la suite <a href=\"https:\/\/www.google.com\/intl\/nl\/policies\/privacy\/\" target=\"_blank\" rel=\"noopener\"><span class=\"s2\">Politique de confidentialit\u00e9 de Google<\/span><\/a> pour plus d'informations et pour conna\u00eetre les <a href=\"https:\/\/support.google.com\/analytics\/answer\/6004245?hl=nl\" target=\"_blank\" rel=\"noopener\"><span class=\"s2\">Politique de confidentialit\u00e9 de Google Analytics<\/span><\/a>.<\/p><p class=\"p2\">Google utilise ces informations pour savoir comment notre site est utilis\u00e9, pour nous fournir des rapports sur le site et pour fournir \u00e0 ses annonceurs des informations sur l'efficacit\u00e9 de leurs campagnes. Google peut communiquer ces informations \u00e0 des tiers en cas d'obligation l\u00e9gale ou dans la mesure o\u00f9 ces tiers traitent les informations pour le compte de Google. Nous n'avons aucune influence sur ce point. Nous n'avons pas autoris\u00e9 Google \u00e0 utiliser les donn\u00e9es d'analyse obtenues pour d'autres services Google.<\/p><p class=\"p2\"><b>Polices web de Google<\/b><\/p><p class=\"p2\">Le site Internet utilise ce que l'on appelle des polices de caract\u00e8res Web fournies par Google pour l'affichage uniforme des polices de caract\u00e8res. Lors de l'appel d'une page, votre navigateur charge les polices Web n\u00e9cessaires dans la m\u00e9moire cache de votre navigateur afin d'afficher correctement les textes et les polices. Si votre navigateur ne prend pas en charge les polices Web, une police standard de votre ordinateur est utilis\u00e9e.<\/p><p class=\"p2\">De plus amples informations sur Google Web Fonts sont disponibles \u00e0 l'adresse suivante <a href=\"https:\/\/developers.google.com\/fonts\/faq\" target=\"_blank\" rel=\"noopener\"><span class=\"s2\">https:\/\/developers.google.com\/fonts\/faq<\/span><\/a> et dans la d\u00e9claration de confidentialit\u00e9 de Google : <a href=\"https:\/\/www.google.com\/policies\/privacy\/\" target=\"_blank\" rel=\"noopener\"><span class=\"s2\">https:\/\/www.google.com\/policies\/privacy\/<\/span><\/a><\/p><p class=\"p2\"><b>M\u00e9dias sociaux : facebook, instagram<\/b><\/p><p class=\"p2\">Ce site comprend des boutons de promotion de pages sur les r\u00e9seaux sociaux Facebook, Linkedin, Youtube. Ces boutons sont r\u00e9alis\u00e9s par un code fourni par Facebook lui-m\u00eame. Ce code place entre autres un cookie (voir ci-dessus). Ces cookies permettent d'utiliser les fonctionnalit\u00e9s des m\u00e9dias sociaux via notre site web. Veuillez noter que, par le biais de ces cookies, les m\u00e9dias sociaux concern\u00e9s peuvent collecter des informations qu'ils peuvent utiliser \u00e0 leurs propres fins. Veuillez lire la d\u00e9claration de confidentialit\u00e9 de Facebook pour savoir ce qu'ils font de vos donn\u00e9es personnelles qu'ils traitent \u00e0 l'aide de ce code. Ces d\u00e9clarations de confidentialit\u00e9 sont r\u00e9guli\u00e8rement modifi\u00e9es.<\/p><p class=\"p3\"><b>Visualiser, modifier ou supprimer des donn\u00e9es<\/b><\/p><p class=\"p3\">Vous avez le droit d'acc\u00e9der \u00e0 vos donn\u00e9es personnelles, de les corriger ou de les supprimer. Vous avez \u00e9galement le droit de retirer votre \u00e9ventuel consentement au traitement des donn\u00e9es ou de vous opposer au traitement de vos donn\u00e9es personnelles par Puro, et vous avez le droit \u00e0 la portabilit\u00e9 des donn\u00e9es. Cela signifie que vous pouvez nous demander d'envoyer les donn\u00e9es personnelles que nous d\u00e9tenons sur vous dans un fichier informatique \u00e0 vous-m\u00eame ou \u00e0 une autre organisation que vous aurez d\u00e9sign\u00e9e. Vous pouvez envoyer une demande d'inspection, de correction, de suppression ou de transfert de vos donn\u00e9es personnelles ou une demande de retrait de votre consentement ou d'opposition au traitement de vos donn\u00e9es personnelles \u00e0 info@purowellness.be.<\/p><p class=\"p3\"><b>S\u00e9curit\u00e9 des donn\u00e9es<\/b><\/p><p class=\"p3\">Puro<span class=\"Apple-converted-space\">\u00a0 <\/span>prend au s\u00e9rieux la protection de vos donn\u00e9es et prend des mesures appropri\u00e9es pour lutter contre les abus, les pertes, les acc\u00e8s non autoris\u00e9s, les divulgations non d\u00e9sir\u00e9es et les modifications non autoris\u00e9es. Si vous avez l'impression que vos donn\u00e9es ne sont pas correctement s\u00e9curis\u00e9es ou qu'il existe des indices d'abus, veuillez contacter notre service client\u00e8le ou via Puro<span class=\"Apple-converted-space\">\u00a0 <\/span>a pris les mesures suivantes pour s\u00e9curiser vos donn\u00e9es personnelles :<\/p><p class=\"p3\"><b>Vos droits en mati\u00e8re de donn\u00e9es<\/b><\/p><p class=\"p3\">Vous avez le droit d'acc\u00e9der, de corriger ou de supprimer les donn\u00e9es personnelles que nous avons re\u00e7ues de votre part. En haut de la pr\u00e9sente d\u00e9claration de confidentialit\u00e9, vous trouverez la marche \u00e0 suivre pour nous contacter. (Vous pouvez \u00e9galement nous contacter via la page de contact de notre site web.<b> <\/b>Vous pouvez \u00e9galement vous opposer au traitement de tout ou partie de vos donn\u00e9es personnelles par nos soins.<span class=\"s3\"><br \/><\/span>Vous avez \u00e9galement le droit de nous demander de transf\u00e9rer les donn\u00e9es que vous avez fournies \u00e0 vous-m\u00eame ou en votre nom directement \u00e0 une autre partie. Il se peut que nous vous demandions de vous identifier avant de pouvoir donner suite aux demandes susmentionn\u00e9es.<\/p><p class=\"p2\"><b>Plaintes<\/b><\/p><p class=\"p2\">Vous avez toujours le droit d'introduire une plainte aupr\u00e8s de la Commission de la protection de la vie priv\u00e9e, qui est l'autorit\u00e9 de contr\u00f4le en mati\u00e8re de protection de la vie priv\u00e9e.<\/p><p class=\"p2\"><b>Modification de la d\u00e9claration de confidentialit\u00e9<\/b><\/p><p class=\"p2\">Puro<span class=\"Apple-converted-space\">\u00a0 <\/span>modifier et mettre \u00e0 jour la d\u00e9claration de confidentialit\u00e9 \u00e0 tout moment et sans pr\u00e9avis en publiant une nouvelle version sur le site web.<\/p><p class=\"p2\">C'est pourquoi il est vivement recommand\u00e9 de consulter r\u00e9guli\u00e8rement le site web et la page sur laquelle figure la d\u00e9claration de confidentialit\u00e9 afin de s'assurer que vous \u00eates au courant de toute modification. La date de la version la plus r\u00e9cente est toujours mise \u00e0 jour et figure au bas de la d\u00e9claration de confidentialit\u00e9.<\/p><p>D\u00e9claration de confidentialit\u00e9 07\/08\/2025<\/p>\t\t\t\t\t\t\t\t<\/div>\n\t\t\t\t<\/div>\n\t\t\t\t\t<\/div>\n\t\t\t\t<\/div>\n\t\t\t\t<\/div>","protected":false},"excerpt":{"rendered":"<p>Privacy Policy Puro hecht veel waarde aan de bescherming van uw persoonsgegevens (en dat uw privacy wordt gerespecteerd).In deze privacyverklaring willen we heldere en transparante informatie geven over (welke gegevens we verzamelen) hoe wij omgaan met persoonsgegevens. Wij doen er alles aan om uw privacy te waarborgen en gaan daarom zorgvuldig om met persoons- gegevens. [&hellip;]<\/p>\n","protected":false},"author":3,"featured_media":0,"parent":0,"menu_order":0,"comment_status":"closed","ping_status":"closed","template":"elementor_header_footer","meta":{"_acf_changed":false,"footnotes":""},"class_list":["post-1420","page","type-page","status-publish","hentry"],"acf":[],"_links":{"self":[{"href":"https:\/\/purowellness.be\/fr\/wp-json\/wp\/v2\/pages\/1420","targetHints":{"allow":["GET"]}}],"collection":[{"href":"https:\/\/purowellness.be\/fr\/wp-json\/wp\/v2\/pages"}],"about":[{"href":"https:\/\/purowellness.be\/fr\/wp-json\/wp\/v2\/types\/page"}],"author":[{"embeddable":true,"href":"https:\/\/purowellness.be\/fr\/wp-json\/wp\/v2\/users\/3"}],"replies":[{"embeddable":true,"href":"https:\/\/purowellness.be\/fr\/wp-json\/wp\/v2\/comments?post=1420"}],"version-history":[{"count":8,"href":"https:\/\/purowellness.be\/fr\/wp-json\/wp\/v2\/pages\/1420\/revisions"}],"predecessor-version":[{"id":1619,"href":"https:\/\/purowellness.be\/fr\/wp-json\/wp\/v2\/pages\/1420\/revisions\/1619"}],"wp:attachment":[{"href":"https:\/\/purowellness.be\/fr\/wp-json\/wp\/v2\/media?parent=1420"}],"curies":[{"name":"wp","href":"https:\/\/api.w.org\/{rel}","templated":true}]}}