{"id":68,"date":"2024-10-10T15:07:01","date_gmt":"2024-10-10T13:07:01","guid":{"rendered":"https:\/\/purowellness.be\/?page_id=68"},"modified":"2024-11-20T10:26:46","modified_gmt":"2024-11-20T09:26:46","slug":"brochure","status":"publish","type":"page","link":"https:\/\/purowellness.be\/fr\/brochure\/","title":{"rendered":"Brochure"},"content":{"rendered":"\t\t<div data-elementor-type=\"wp-page\" data-elementor-id=\"68\" class=\"elementor elementor-68\" data-elementor-post-type=\"page\">\n\t\t\t\t<div class=\"elementor-element elementor-element-1bfe7de e-con-full e-flex e-con e-parent\" data-id=\"1bfe7de\" data-element_type=\"container\" data-e-type=\"container\">\n\t\t<div class=\"elementor-element elementor-element-dd40d2a e-con-full e-flex e-con e-child\" data-id=\"dd40d2a\" data-element_type=\"container\" data-e-type=\"container\">\n\t\t\t\t<div class=\"elementor-element elementor-element-3c3513f elementor-widget elementor-widget-image\" data-id=\"3c3513f\" data-element_type=\"widget\" data-e-type=\"widget\" data-widget_type=\"image.default\">\n\t\t\t\t<div class=\"elementor-widget-container\">\n\t\t\t\t\t\t\t\t\t\t\t\t\t\t\t<img fetchpriority=\"high\" decoding=\"async\" width=\"800\" height=\"533\" src=\"https:\/\/purowellness.be\/wp-content\/uploads\/2024\/10\/Group-201.png\" class=\"attachment-large size-large wp-image-937\" alt=\"\" srcset=\"https:\/\/purowellness.be\/wp-content\/uploads\/2024\/10\/Group-201.png 960w, https:\/\/purowellness.be\/wp-content\/uploads\/2024\/10\/Group-201-300x200.png 300w, https:\/\/purowellness.be\/wp-content\/uploads\/2024\/10\/Group-201-768x512.png 768w\" sizes=\"(max-width: 800px) 100vw, 800px\" \/>\t\t\t\t\t\t\t\t\t\t\t\t\t\t\t<\/div>\n\t\t\t\t<\/div>\n\t\t\t\t<\/div>\n\t\t<div class=\"elementor-element elementor-element-bb13d2b e-con-full e-flex e-con e-child\" data-id=\"bb13d2b\" data-element_type=\"container\" data-e-type=\"container\">\n\t\t<div class=\"elementor-element elementor-element-1f4d7b3 e-con-full e-flex e-con e-child\" data-id=\"1f4d7b3\" data-element_type=\"container\" data-e-type=\"container\">\n\t\t\t\t<div class=\"elementor-element elementor-element-1e29e57 elementor-widget elementor-widget-heading\" data-id=\"1e29e57\" data-element_type=\"widget\" data-e-type=\"widget\" data-widget_type=\"heading.default\">\n\t\t\t\t<div class=\"elementor-widget-container\">\n\t\t\t\t\t<h4 class=\"elementor-heading-title elementor-size-default\">Ontdek nu onze uitgebreide brochure met alle prijzen en specificaties<\/h4>\t\t\t\t<\/div>\n\t\t\t\t<\/div>\n\t\t\t\t<div class=\"elementor-element elementor-element-0b3fa61 elementor-widget elementor-widget-text-editor\" data-id=\"0b3fa61\" data-element_type=\"widget\" data-e-type=\"widget\" data-widget_type=\"text-editor.default\">\n\t\t\t\t<div class=\"elementor-widget-container\">\n\t\t\t\t\t\t\t\t\t<div class=\"comment-li-wrapper _35x2ayZAjh7TZ365Wfcs88 highlight hovered-pin\" data-testid=\"comment-li-wrapper\"><div id=\"\/assets\/urn:aaid:sc:US:a7903877-ea15-4b95-8481-fb3d6d40e174\/annots\/a87906fe-39cf-43e4-9519-e294d1c46988\" class=\"comment-wrapper\" role=\"comment\"><div class=\"comment-content-wrapper\"><div class=\"row\"><div class=\"comment-text-controls-container\"><div class=\"comment-text\"><div>Download via onderstaande knop onze brochure met alle details over Puro en zijn sauna&#8217;s. Daarna zal het PDF-bestand beschikbaar zijn!<\/div><\/div><\/div><\/div><\/div><\/div><\/div>\t\t\t\t\t\t\t\t<\/div>\n\t\t\t\t<\/div>\n\t\t<div class=\"elementor-element elementor-element-55db990 e-con-full e-flex e-con e-child\" data-id=\"55db990\" data-element_type=\"container\" data-e-type=\"container\">\n\t\t\t\t<div data-dce-background-color=\"#00000000\" class=\"elementor-element elementor-element-9b05730 elementor-align-left elementor-widget__width-auto elementor-mobile-align-center elementor-widget elementor-widget-button\" data-id=\"9b05730\" data-element_type=\"widget\" data-e-type=\"widget\" data-widget_type=\"button.default\">\n\t\t\t\t<div class=\"elementor-widget-container\">\n\t\t\t\t\t\t\t\t\t<div class=\"elementor-button-wrapper\">\n\t\t\t\t\t<a class=\"elementor-button elementor-button-link elementor-size-sm\" href=\"https:\/\/purowellness.be\/wp-content\/uploads\/2024\/11\/PURO_Brochure.pdf.zip\" target=\"_blank\">\n\t\t\t\t\t\t<span class=\"elementor-button-content-wrapper\">\n\t\t\t\t\t\t<span class=\"elementor-button-icon\">\n\t\t\t\t<svg xmlns=\"http:\/\/www.w3.org\/2000\/svg\" width=\"5.383\" height=\"5.383\" viewBox=\"0 0 5.383 5.383\"><g id=\"Group_188\" data-name=\"Group 188\" transform=\"translate(-1027.309 -665.809)\"><path id=\"Path_71\" data-name=\"Path 71\" d=\"M4876.694,6832.953v5.383\" transform=\"translate(-3846.694 -6167.145)\" fill=\"none\" stroke=\"#fff\" stroke-width=\"0.75\"><\/path><path id=\"Path_72\" data-name=\"Path 72\" d=\"M0,0V5.383\" transform=\"translate(1032.692 668.5) rotate(90)\" fill=\"none\" stroke=\"#fff\" stroke-width=\"0.75\"><\/path><\/g><\/svg>\t\t\t<\/span>\n\t\t\t\t\t\t\t\t\t<span class=\"elementor-button-text\">DOWNLOAD ONZE BROCHURE<\/span>\n\t\t\t\t\t<\/span>\n\t\t\t\t\t<\/a>\n\t\t\t\t<\/div>\n\t\t\t\t\t\t\t\t<\/div>\n\t\t\t\t<\/div>\n\t\t\t\t<div data-dce-background-color=\"#00000000\" class=\"elementor-element elementor-element-2f27b74 elementor-align-left elementor-widget__width-auto elementor-mobile-align-center elementor-widget elementor-widget-button\" data-id=\"2f27b74\" data-element_type=\"widget\" data-e-type=\"widget\" data-widget_type=\"button.default\">\n\t\t\t\t<div class=\"elementor-widget-container\">\n\t\t\t\t\t\t\t\t\t<div class=\"elementor-button-wrapper\">\n\t\t\t\t\t<a class=\"elementor-button elementor-button-link elementor-size-sm\" href=\"#elementor-action%3Aaction%3Dpopup%3Aopen%26settings%3DeyJpZCI6IjE1MTkiLCJ0b2dnbGUiOmZhbHNlfQ%3D%3D\" target=\"_blank\">\n\t\t\t\t\t\t<span class=\"elementor-button-content-wrapper\">\n\t\t\t\t\t\t<span class=\"elementor-button-icon\">\n\t\t\t\t<svg xmlns=\"http:\/\/www.w3.org\/2000\/svg\" width=\"5.383\" height=\"5.383\" viewBox=\"0 0 5.383 5.383\"><g id=\"Group_188\" data-name=\"Group 188\" transform=\"translate(-1027.309 -665.809)\"><path id=\"Path_71\" data-name=\"Path 71\" d=\"M4876.694,6832.953v5.383\" transform=\"translate(-3846.694 -6167.145)\" fill=\"none\" stroke=\"#fff\" stroke-width=\"0.75\"><\/path><path id=\"Path_72\" data-name=\"Path 72\" d=\"M0,0V5.383\" transform=\"translate(1032.692 668.5) rotate(90)\" fill=\"none\" stroke=\"#fff\" stroke-width=\"0.75\"><\/path><\/g><\/svg>\t\t\t<\/span>\n\t\t\t\t\t\t\t\t\t<span class=\"elementor-button-text\">PRIJZENLIJST DOWNLOADEN<\/span>\n\t\t\t\t\t<\/span>\n\t\t\t\t\t<\/a>\n\t\t\t\t<\/div>\n\t\t\t\t\t\t\t\t<\/div>\n\t\t\t\t<\/div>\n\t\t\t\t<\/div>\n\t\t\t\t<\/div>\n\t\t\t\t<\/div>\n\t\t\t\t<\/div>\n\t\t<div class=\"elementor-element elementor-element-8466027 e-flex e-con-boxed e-con e-parent\" data-id=\"8466027\" data-element_type=\"container\" data-e-type=\"container\">\n\t\t\t\t\t<div class=\"e-con-inner\">\n\t\t\t\t<div class=\"elementor-element elementor-element-94ba12e elementor-widget elementor-widget-template\" data-id=\"94ba12e\" data-element_type=\"widget\" data-e-type=\"widget\" data-widget_type=\"template.default\">\n\t\t\t\t<div class=\"elementor-widget-container\">\n\t\t\t\t\t\t\t<div class=\"elementor-template\">\n\t\t\t\t\t<div data-elementor-type=\"section\" data-elementor-id=\"537\" class=\"elementor elementor-537\" data-elementor-post-type=\"elementor_library\">\n\t\t\t<div class=\"elementor-element elementor-element-6323394 e-con-full e-flex e-con e-parent\" data-id=\"6323394\" data-element_type=\"container\" data-e-type=\"container\">\n\t\t\t\t<div class=\"elementor-element elementor-element-e7eb79e elementor-mobile-button-align-start elementor-button-align-stretch elementor-widget elementor-widget-form\" data-id=\"e7eb79e\" data-element_type=\"widget\" data-e-type=\"widget\" data-settings=\"{&quot;button_width&quot;:&quot;25&quot;,&quot;step_next_label&quot;:&quot;Next&quot;,&quot;step_previous_label&quot;:&quot;Previous&quot;,&quot;button_width_tablet&quot;:&quot;40&quot;,&quot;button_width_mobile&quot;:&quot;100&quot;,&quot;dce_confirm_dialog_enabled&quot;:&quot;no&quot;,&quot;step_type&quot;:&quot;number_text&quot;,&quot;step_icon_shape&quot;:&quot;circle&quot;,&quot;label_icon_size&quot;:{&quot;unit&quot;:&quot;px&quot;,&quot;size&quot;:&quot;&quot;,&quot;sizes&quot;:[]},&quot;field_icon_size&quot;:{&quot;unit&quot;:&quot;px&quot;,&quot;size&quot;:&quot;&quot;,&quot;sizes&quot;:[]}}\" data-widget_type=\"form.default\">\n\t\t\t\t<div class=\"elementor-widget-container\">\n\t\t\t\t\t\t\t<form class=\"elementor-form\" method=\"post\" name=\"Aanvraag nieuwsbrief\" aria-label=\"Aanvraag nieuwsbrief\">\n\t\t\t<input type=\"hidden\" name=\"post_id\" value=\"537\"\/>\n\t\t\t<input type=\"hidden\" name=\"form_id\" value=\"e7eb79e\"\/>\n\t\t\t<input type=\"hidden\" name=\"referer_title\" value=\"Home - Puro Wellness Barrelsauna\" \/>\n\n\t\t\t\t\t\t\t<input type=\"hidden\" name=\"queried_id\" value=\"55\"\/>\n\t\t\t\n\t\t\t<div class=\"elementor-form-fields-wrapper elementor-labels-\">\n\t\t\t\t\t\t\t\t<div class=\"elementor-field-type-recaptcha_v3 elementor-field-group elementor-column elementor-field-group-field_32bfcad elementor-col-100 recaptcha_v3-bottomright\">\n\t\t\t\t\t<div class=\"elementor-field\" id=\"form-field-field_32bfcad\"><div class=\"elementor-g-recaptcha\" data-sitekey=\"6LdW8nYqAAAAANSwpC8LZP0wHuS67bQuSSurkZ_T\" data-type=\"v3\" data-action=\"Form\" data-badge=\"bottomright\" data-size=\"invisible\"><\/div><\/div>\t\t\t\t<\/div>\n\t\t\t\t\t\t\t\t<div class=\"elementor-field-type-email elementor-field-group elementor-column elementor-field-group-email elementor-col-75 elementor-md-60 elementor-sm-100 elementor-field-required\">\n\t\t\t\t\t\t\t\t\t\t\t\t<label for=\"form-field-email\" class=\"elementor-field-label elementor-screen-only\">\n\t\t\t\t\t\t\t\tEmail\t\t\t\t\t\t\t<\/label>\n\t\t\t\t\t\t\t\t\t\t\t\t\t\t<input size=\"1\" type=\"email\" name=\"form_fields[email]\" id=\"form-field-email\" class=\"elementor-field elementor-size-sm  elementor-field-textual\" placeholder=\"Vul hier uw e-mailadres in\" required=\"required\">\n\t\t\t\t\t\t\t\t\t\t\t<\/div>\n\t\t\t\t\t\t\t\t<div class=\"elementor-field-group elementor-column elementor-field-type-submit elementor-col-25 e-form__buttons elementor-md-40 elementor-sm-100\">\n\t\t\t\t\t<button class=\"elementor-button elementor-size-sm\" type=\"submit\">\n\t\t\t\t\t\t<span class=\"elementor-button-content-wrapper\">\n\t\t\t\t\t\t\t\t\t\t\t\t\t\t\t<span class=\"elementor-button-icon\">\n\t\t\t\t\t\t\t\t\t<svg xmlns=\"http:\/\/www.w3.org\/2000\/svg\" width=\"5.383\" height=\"5.383\" viewBox=\"0 0 5.383 5.383\"><g id=\"Group_192\" data-name=\"Group 192\" transform=\"translate(-1027.309 -665.809)\"><path id=\"Path_71\" data-name=\"Path 71\" d=\"M4876.694,6832.953v5.383\" transform=\"translate(-3846.694 -6167.145)\" fill=\"none\" stroke=\"#383733\" stroke-width=\"0.75\"><\/path><path id=\"Path_72\" data-name=\"Path 72\" d=\"M0,0V5.383\" transform=\"translate(1032.692 668.5) rotate(90)\" fill=\"none\" stroke=\"#383733\" stroke-width=\"0.75\"><\/path><\/g><\/svg>\t\t\t\t\t\t\t\t\t\t\t\t\t\t\t\t\t<\/span>\n\t\t\t\t\t\t\t\t\t\t\t\t\t\t\t\t\t\t\t\t\t\t<span class=\"elementor-button-text\">ABONNEER U OP ONZE NIEUWSBRIEF<\/span>\n\t\t\t\t\t\t\t\t\t\t\t\t\t<\/span>\n\t\t\t\t\t<\/button>\n\t\t\t\t<\/div>\n\t\t\t<\/div>\n\t\t<\/form>\n\t\t\t\t\t\t<\/div>\n\t\t\t\t<\/div>\n\t\t\t\t<\/div>\n\t\t\t\t<\/div>\n\t\t\t\t<\/div>\n\t\t\t\t\t\t<\/div>\n\t\t\t\t<\/div>\n\t\t\t\t\t<\/div>\n\t\t\t\t<\/div>\n\t\t\t\t<\/div>\n\t\t","protected":false},"excerpt":{"rendered":"<p>D\u00e9couvrez maintenant notre brochure compl\u00e8te avec tous les prix et sp\u00e9cifications T\u00e9l\u00e9chargez via le bouton ci-dessous notre brochure avec tous les d\u00e9tails sur Puro et ses saunas. Le fichier PDF sera ensuite disponible ! T\u00c9L\u00c9CHARGER NOTRE BROCHURE LISTE DE PRIX<\/p>","protected":false},"author":2,"featured_media":0,"parent":0,"menu_order":4,"comment_status":"closed","ping_status":"closed","template":"elementor_header_footer","meta":{"_acf_changed":false,"footnotes":""},"class_list":["post-68","page","type-page","status-publish","hentry"],"acf":[],"_links":{"self":[{"href":"https:\/\/purowellness.be\/fr\/wp-json\/wp\/v2\/pages\/68","targetHints":{"allow":["GET"]}}],"collection":[{"href":"https:\/\/purowellness.be\/fr\/wp-json\/wp\/v2\/pages"}],"about":[{"href":"https:\/\/purowellness.be\/fr\/wp-json\/wp\/v2\/types\/page"}],"author":[{"embeddable":true,"href":"https:\/\/purowellness.be\/fr\/wp-json\/wp\/v2\/users\/2"}],"replies":[{"embeddable":true,"href":"https:\/\/purowellness.be\/fr\/wp-json\/wp\/v2\/comments?post=68"}],"version-history":[{"count":72,"href":"https:\/\/purowellness.be\/fr\/wp-json\/wp\/v2\/pages\/68\/revisions"}],"predecessor-version":[{"id":1584,"href":"https:\/\/purowellness.be\/fr\/wp-json\/wp\/v2\/pages\/68\/revisions\/1584"}],"wp:attachment":[{"href":"https:\/\/purowellness.be\/fr\/wp-json\/wp\/v2\/media?parent=68"}],"curies":[{"name":"wp","href":"https:\/\/api.w.org\/{rel}","templated":true}]}}